{"id":9,"date":"2026-04-15T18:12:30","date_gmt":"2026-04-15T16:12:30","guid":{"rendered":"https:\/\/gite.com64.cloud\/?page_id=9"},"modified":"2026-04-15T22:06:01","modified_gmt":"2026-04-15T20:06:01","slug":"accueil","status":"publish","type":"page","link":"https:\/\/gite.com64.cloud\/","title":{"rendered":"Chambres d&rsquo;h\u00f4tes \u00e0 Lescar"},"content":{"rendered":"\n<div class=\"wp-block-uagb-container uagb-block-4c1d2cec alignfull uagb-is-root-container\"><div class=\"uagb-container-inner-blocks-wrap\">\n<div class=\"wp-block-uagb-container uagb-block-62450080\">\n<div class=\"wp-block-uagb-advanced-heading uagb-block-7789172e\"><p class=\"uagb-desc-text\">Chambres d&rsquo;h\u00f4tes &amp; Studio ind\u00e9pendant<\/p><h1 class=\"uagb-heading-text\">Bienvenue au G\u00eete &#8211; Le Pesquit<\/h1><\/div>\n\n\n\n<div class=\"wp-block-uagb-advanced-heading uagb-block-b248ff37\"><div class=\"uagb-heading-text\">S\u00e9journez aux portes de Pau, au calme dans le quartier du Pesquit, \u00e0 45 minutes des Pyr\u00e9n\u00e9es et proche de l&rsquo;oc\u00e9an.<\/div><\/div>\n\n\n\n<div class=\"wp-block-uagb-container uagb-block-b7475cc0\">\n<div class=\"wp-block-uagb-buttons uagb-buttons__outer-wrap uagb-btn__default-btn uagb-btn-tablet__default-btn uagb-btn-mobile__default-btn uagb-block-2e9248db\"><div class=\"uagb-buttons__wrap uagb-buttons-layout-wrap \">\n<div class=\"wp-block-uagb-buttons-child uagb-buttons__outer-wrap uagb-block-4b0e97e7 wp-block-button\"><div class=\"uagb-button__wrapper\"><a class=\"uagb-buttons-repeater wp-block-button__link\" aria-label=\"\" href=\"#\" rel=\"follow noopener\" target=\"_self\" role=\"button\"><div class=\"uagb-button__link\">R\u00e9server un s\u00e9jour<\/div><\/a><\/div><\/div>\n\n\n\n<div class=\"wp-block-uagb-buttons-child uagb-buttons__outer-wrap uagb-block-a2b215ae wp-block-button\"><div class=\"uagb-button__wrapper\"><a class=\"uagb-buttons-repeater ast-outline-button\" aria-label=\"\" style=\"border-width:revert-layer\" href=\"#\" rel=\"follow noopener\" target=\"_self\" role=\"button\"><div class=\"uagb-button__link\">D\u00e9couvrir nos h\u00e9bergements<\/div><\/a><\/div><\/div>\n<\/div><\/div>\n<\/div>\n<\/div>\n<\/div><\/div>\n\n\n\n<div class=\"wp-block-uagb-container uagb-block-2cf240d6 alignfull uagb-is-root-container\"><div class=\"uagb-container-inner-blocks-wrap\">\n<div class=\"wp-block-uagb-advanced-heading uagb-block-5211df1e\"><p class=\"uagb-desc-text\">Nos h\u00e9bergements<\/p><h2 class=\"uagb-heading-text\">Un s\u00e9jour sur mesure<\/h2><\/div>\n\n\n\n<div class=\"wp-block-uagb-advanced-heading uagb-block-a10e239e\"><div class=\"uagb-heading-text\">Choisissez parmi nos chambres d&rsquo;h\u00f4tes \u00e0 l&rsquo;\u00e9tage ou notre studio ind\u00e9pendant en rez-de-chauss\u00e9e.<\/div><\/div>\n\n\n\n<div class=\"wp-block-uagb-container uagb-block-b40377de\">\n<div class=\"wp-block-uagb-container uagb-block-55fd1eb5\">\n<div class=\"wp-block-uagb-image uagb-block-000eb27e wp-block-uagb-image--layout-default wp-block-uagb-image--effect-zoomin wp-block-uagb-image--align-none\"><figure class=\"wp-block-uagb-image__figure\"><img decoding=\"async\" srcset=\"https:\/\/gite.com64.cloud\/wp-content\/uploads\/2026\/04\/Gite-Le-Pesquit-Chambres-dhotes-a-Lescar-3.webp ,https:\/\/gite.com64.cloud\/wp-content\/uploads\/2026\/04\/Gite-Le-Pesquit-Chambres-dhotes-a-Lescar-3.webp 780w, https:\/\/gite.com64.cloud\/wp-content\/uploads\/2026\/04\/Gite-Le-Pesquit-Chambres-dhotes-a-Lescar-3.webp 360w\" sizes=\"auto, (max-width: 480px) 150px\" src=\"https:\/\/gite.com64.cloud\/wp-content\/uploads\/2026\/04\/Gite-Le-Pesquit-Chambres-dhotes-a-Lescar-3.webp\" alt=\"\" class=\"uag-image-82\" width=\"1000\" height=\"545\" title=\"Gite - Le Pesquit - Chambres d'hotes \u00e0 Lescar - 3\" loading=\"lazy\" role=\"img\"\/><\/figure><\/div>\n\n\n\n<div class=\"wp-block-uagb-container uagb-block-473be60b\">\n<div class=\"wp-block-uagb-container uagb-block-792671ce\">\n<div class=\"wp-block-uagb-icon-list uagb-block-f232b098\"><div class=\"uagb-icon-list__wrap\">\n<div class=\"wp-block-uagb-icon-list-child uagb-block-0eb345c2\"><span class=\"uagb-icon-list__source-wrap\"><svg xmlns=\"https:\/\/www.w3.org\/2000\/svg\" viewBox=\"0 0 640 512\"><path d=\"M224 256c70.7 0 128-57.31 128-128S294.7 0 224 0C153.3 0 96 57.31 96 128S153.3 256 224 256zM274.7 304H173.3c-95.73 0-173.3 77.6-173.3 173.3C0 496.5 15.52 512 34.66 512H413.3C432.5 512 448 496.5 448 477.3C448 381.6 370.4 304 274.7 304zM479.1 320h-73.85C451.2 357.7 480 414.1 480 477.3C480 490.1 476.2 501.9 470 512h138C625.7 512 640 497.6 640 479.1C640 391.6 568.4 320 479.1 320zM432 256C493.9 256 544 205.9 544 144S493.9 32 432 32c-25.11 0-48.04 8.555-66.72 22.51C376.8 76.63 384 101.4 384 128c0 35.52-11.93 68.14-31.59 94.71C372.7 243.2 400.8 256 432 256z\"><\/path><\/svg><\/span><span class=\"uagb-icon-list__label\">3 pers.<\/span><\/div>\n<\/div><\/div>\n<\/div>\n\n\n\n<div class=\"wp-block-uagb-container uagb-block-4040e3fc\">\n<div class=\"wp-block-uagb-icon-list uagb-block-f78282b5\"><div class=\"uagb-icon-list__wrap\">\n<div class=\"wp-block-uagb-icon-list-child uagb-block-9dc5aa72\"><span class=\"uagb-icon-list__source-wrap\"><svg xmlns=\"https:\/\/www.w3.org\/2000\/svg\" viewBox=\"0 0 640 512\"><path d=\"M176 288C220.1 288 256 252.1 256 208S220.1 128 176 128S96 163.9 96 208S131.9 288 176 288zM544 128H304C295.2 128 288 135.2 288 144V320H64V48C64 39.16 56.84 32 48 32h-32C7.163 32 0 39.16 0 48v416C0 472.8 7.163 480 16 480h32C56.84 480 64 472.8 64 464V416h512v48c0 8.837 7.163 16 16 16h32c8.837 0 16-7.163 16-16V224C640 170.1 597 128 544 128z\"><\/path><\/svg><\/span><span class=\"uagb-icon-list__label\">1 ch.<\/span><\/div>\n<\/div><\/div>\n<\/div>\n\n\n\n<div class=\"wp-block-uagb-container uagb-block-09571490\">\n<div class=\"wp-block-uagb-icon-list uagb-block-81390726\"><div class=\"uagb-icon-list__wrap\">\n<div class=\"wp-block-uagb-icon-list-child uagb-block-66f5faf2\"><span class=\"uagb-icon-list__source-wrap\"><svg xmlns=\"https:\/\/www.w3.org\/2000\/svg\" viewBox=\"0 0 448 512\"><path d=\"M416 32C433.7 32 448 46.33 448 64V128C448 145.7 433.7 160 416 160V352C433.7 352 448 366.3 448 384V448C448 465.7 433.7 480 416 480H352C334.3 480 320 465.7 320 448H128C128 465.7 113.7 480 96 480H32C14.33 480 0 465.7 0 448V384C0 366.3 14.33 352 32 352V160C14.33 160 0 145.7 0 128V64C0 46.33 14.33 32 32 32H96C113.7 32 128 46.33 128 64H320C320 46.33 334.3 32 352 32H416zM368 80V112H400V80H368zM96 160V352C113.7 352 128 366.3 128 384H320C320 366.3 334.3 352 352 352V160C334.3 160 320 145.7 320 128H128C128 145.7 113.7 160 96 160zM48 400V432H80V400H48zM400 432V400H368V432H400zM80 112V80H48V112H80z\"><\/path><\/svg><\/span><span class=\"uagb-icon-list__label\">15 m\u00b2<\/span><\/div>\n<\/div><\/div>\n<\/div>\n<\/div>\n\n\n\n<div class=\"wp-block-uagb-container uagb-block-af744656\">\n<div class=\"wp-block-uagb-separator uagb-block-24183e55\"><div class=\"wp-block-uagb-separator__inner\" style=\"--my-background-image:\"><\/div><\/div>\n\n\n\n<div class=\"wp-block-uagb-advanced-heading uagb-block-ceeb68a3\"><div class=\"uagb-heading-text\"><strong>Chambre Triple<\/strong><\/div><p class=\"uagb-desc-text\">Chambre confortable de 15 m\u00b2 avec salle de bain privative, climatisation et petit-d\u00e9jeuner inclus.<\/p><\/div>\n\n\n\n<div class=\"wp-block-uagb-buttons uagb-buttons__outer-wrap uagb-btn__small-btn uagb-btn-tablet__default-btn uagb-btn-mobile__default-btn uagb-block-89d6bb0f\"><div class=\"uagb-buttons__wrap uagb-buttons-layout-wrap \">\n<div class=\"wp-block-uagb-buttons-child uagb-buttons__outer-wrap uagb-block-ccefcf1c wp-block-button badges-equipements\"><div class=\"uagb-button__wrapper\"><a class=\"uagb-buttons-repeater wp-block-button__link\" aria-label=\"\" href=\"#\" rel=\"follow noopener\" target=\"_self\" role=\"button\"><span class=\"uagb-button__icon uagb-button__icon-position-before\"><svg xmlns=\"https:\/\/www.w3.org\/2000\/svg\" viewBox=\"0 0 512 512\" aria-hidden=\"true\" focussable=\"false\"><path d=\"M32 192h320c52.94 0 96-43.06 96-96s-43.06-96-96-96h-32c-17.69 0-32 14.31-32 32s14.31 32 32 32h32c17.66 0 32 14.34 32 32s-14.34 32-32 32H32C14.31 128 0 142.3 0 160S14.31 192 32 192zM160 320H32c-17.69 0-32 14.31-32 32s14.31 32 32 32h128c17.66 0 32 14.34 32 32s-14.34 32-32 32H128c-17.69 0-32 14.31-32 32s14.31 32 32 32h32c52.94 0 96-43.06 96-96S212.9 320 160 320zM416 224H32C14.31 224 0 238.3 0 256s14.31 32 32 32h384c17.66 0 32 14.34 32 32s-14.34 32-32 32h-32c-17.69 0-32 14.31-32 32s14.31 32 32 32h32c52.94 0 96-43.06 96-96S468.9 224 416 224z\"><\/path><\/svg><\/span><div class=\"uagb-button__link\">Climatisation<\/div><\/a><\/div><\/div>\n\n\n\n<div class=\"wp-block-uagb-buttons-child uagb-buttons__outer-wrap uagb-block-b4436dbb wp-block-button badges-equipements\"><div class=\"uagb-button__wrapper\"><a class=\"uagb-buttons-repeater wp-block-button__link\" aria-label=\"\" href=\"#\" rel=\"follow noopener\" target=\"_self\" role=\"button\"><span class=\"uagb-button__icon uagb-button__icon-position-before\"><svg xmlns=\"https:\/\/www.w3.org\/2000\/svg\" viewBox=\"0 0 640 512\" aria-hidden=\"true\" focussable=\"false\"><path d=\"M512 448H127.1C110.3 448 96 462.3 96 479.1S110.3 512 127.1 512h384C529.7 512 544 497.7 544 480S529.7 448 512 448zM592 0h-544C21.5 0 0 21.5 0 48v320C0 394.5 21.5 416 48 416h544c26.5 0 48-21.5 48-48v-320C640 21.5 618.5 0 592 0zM576 352H64v-288h512V352z\"><\/path><\/svg><\/span><div class=\"uagb-button__link\">TV<\/div><\/a><\/div><\/div>\n\n\n\n<div class=\"wp-block-uagb-buttons-child uagb-buttons__outer-wrap uagb-block-96036be3 wp-block-button badges-equipements\"><div class=\"uagb-button__wrapper\"><a class=\"uagb-buttons-repeater wp-block-button__link\" aria-label=\"\" href=\"#\" rel=\"follow noopener\" target=\"_self\" role=\"button\"><span class=\"uagb-button__icon uagb-button__icon-position-before\"><svg xmlns=\"https:\/\/www.w3.org\/2000\/svg\" viewBox=\"0 0 640 512\" aria-hidden=\"true\" focussable=\"false\"><path d=\"M512 448H127.1C110.3 448 96 462.3 96 479.1S110.3 512 127.1 512h384C529.7 512 544 497.7 544 480S529.7 448 512 448zM592 0h-544C21.5 0 0 21.5 0 48v320C0 394.5 21.5 416 48 416h544c26.5 0 48-21.5 48-48v-320C640 21.5 618.5 0 592 0zM576 352H64v-288h512V352z\"><\/path><\/svg><\/span><div class=\"uagb-button__link\">Petit-d\u00e9jeuner inclus<\/div><\/a><\/div><\/div>\n<\/div><\/div>\n\n\n\n<div class=\"wp-block-uagb-separator uagb-block-8af5a122\"><div class=\"uagb-separator-spacing-wrapper\"><div class=\"wp-block-uagb-separator__inner\" style=\"--my-background-image:\"><\/div><\/div><\/div>\n<\/div>\n<\/div>\n\n\n\n<div class=\"wp-block-uagb-container uagb-block-7d5538ec\"><\/div>\n\n\n\n<div class=\"wp-block-uagb-container uagb-block-6b08c5b8\"><\/div>\n<\/div>\n<\/div><\/div>\n","protected":false},"excerpt":{"rendered":"<p>Chambres d&rsquo;h\u00f4tes &amp; Studio ind\u00e9pendant Bienvenue au G\u00eete &#8211; Le Pesquit S\u00e9journez aux portes de Pau, au calme dans le [&hellip;]<\/p>\n","protected":false},"author":1,"featured_media":0,"parent":0,"menu_order":0,"comment_status":"closed","ping_status":"closed","template":"","meta":{"_uag_custom_page_level_css":"","site-sidebar-layout":"default","site-content-layout":"","ast-site-content-layout":"default","site-content-style":"default","site-sidebar-style":"default","ast-global-header-display":"","ast-banner-title-visibility":"","ast-main-header-display":"","ast-hfb-above-header-display":"","ast-hfb-below-header-display":"","ast-hfb-mobile-header-display":"","site-post-title":"","ast-breadcrumbs-content":"","ast-featured-img":"","footer-sml-layout":"","ast-disable-related-posts":"","theme-transparent-header-meta":"","adv-header-id-meta":"","stick-header-meta":"","header-above-stick-meta":"","header-main-stick-meta":"","header-below-stick-meta":"","astra-migrate-meta-layouts":"default","ast-page-background-enabled":"default","ast-page-background-meta":{"desktop":{"background-color":"var(--ast-global-color-5)","background-image":"","background-repeat":"repeat","background-position":"center center","background-size":"auto","background-attachment":"scroll","background-type":"","background-media":"","overlay-type":"","overlay-color":"","overlay-opacity":"","overlay-gradient":""},"tablet":{"background-color":"","background-image":"","background-repeat":"repeat","background-position":"center center","background-size":"auto","background-attachment":"scroll","background-type":"","background-media":"","overlay-type":"","overlay-color":"","overlay-opacity":"","overlay-gradient":""},"mobile":{"background-color":"","background-image":"","background-repeat":"repeat","background-position":"center center","background-size":"auto","background-attachment":"scroll","background-type":"","background-media":"","overlay-type":"","overlay-color":"","overlay-opacity":"","overlay-gradient":""}},"ast-content-background-meta":{"desktop":{"background-color":"var(--ast-global-color-4)","background-image":"","background-repeat":"repeat","background-position":"center center","background-size":"auto","background-attachment":"scroll","background-type":"","background-media":"","overlay-type":"","overlay-color":"","overlay-opacity":"","overlay-gradient":""},"tablet":{"background-color":"var(--ast-global-color-4)","background-image":"","background-repeat":"repeat","background-position":"center center","background-size":"auto","background-attachment":"scroll","background-type":"","background-media":"","overlay-type":"","overlay-color":"","overlay-opacity":"","overlay-gradient":""},"mobile":{"background-color":"var(--ast-global-color-4)","background-image":"","background-repeat":"repeat","background-position":"center center","background-size":"auto","background-attachment":"scroll","background-type":"","background-media":"","overlay-type":"","overlay-color":"","overlay-opacity":"","overlay-gradient":""}},"footnotes":""},"class_list":["post-9","page","type-page","status-publish","hentry"],"yoast_head":"<!-- This site is optimized with the Yoast SEO plugin v27.4 - https:\/\/yoast.com\/product\/yoast-seo-wordpress\/ -->\n<title>G\u00eete - Le Pesquit | Studio et Chambres d&#039;h\u00f4tes \u00e0 Lescar (64)<\/title>\n<meta name=\"description\" content=\"S\u00e9journez aux portes de Pau, au calme dans le quartier du Pesquit. Studio ind\u00e9pendant et Chambres d&#039;h\u00f4tes \u00e0 Lescar. Proche des Pyr\u00e9n\u00e9es et de l\u2019oc\u00e9an.\" \/>\n<meta name=\"robots\" content=\"noindex, follow, max-snippet:-1, max-image-preview:large, max-video-preview:-1\" \/>\n<meta property=\"og:locale\" content=\"fr_FR\" \/>\n<meta property=\"og:type\" content=\"article\" \/>\n<meta property=\"og:title\" content=\"G\u00eete - Le Pesquit | Studio et Chambres d&#039;h\u00f4tes \u00e0 Lescar (64)\" \/>\n<meta property=\"og:description\" content=\"S\u00e9journez aux portes de Pau, au calme dans le quartier du Pesquit. Studio ind\u00e9pendant et Chambres d&#039;h\u00f4tes \u00e0 Lescar. Proche des Pyr\u00e9n\u00e9es et de l\u2019oc\u00e9an.\" \/>\n<meta property=\"og:url\" content=\"https:\/\/gite.com64.cloud\/\" \/>\n<meta property=\"og:site_name\" content=\"G\u00eete - Le Pesquit\" \/>\n<meta property=\"article:modified_time\" content=\"2026-04-15T20:06:01+00:00\" \/>\n<meta property=\"og:image\" content=\"https:\/\/gite.com64.cloud\/wp-content\/uploads\/2026\/04\/Gite-Le-Pesquit-Chambres-dhotes-a-Lescar-3.webp\" \/>\n<meta name=\"twitter:card\" content=\"summary_large_image\" \/>\n<meta name=\"twitter:label1\" content=\"Dur\u00e9e de lecture estim\u00e9e\" \/>\n\t<meta name=\"twitter:data1\" content=\"1 minute\" \/>\n<script type=\"application\/ld+json\" class=\"yoast-schema-graph\">{\"@context\":\"https:\\\/\\\/schema.org\",\"@graph\":[{\"@type\":\"WebPage\",\"@id\":\"https:\\\/\\\/gite.com64.cloud\\\/\",\"url\":\"https:\\\/\\\/gite.com64.cloud\\\/\",\"name\":\"G\u00eete - Le Pesquit | Studio et Chambres d'h\u00f4tes \u00e0 Lescar (64)\",\"isPartOf\":{\"@id\":\"https:\\\/\\\/gite.com64.cloud\\\/#website\"},\"primaryImageOfPage\":{\"@id\":\"https:\\\/\\\/gite.com64.cloud\\\/#primaryimage\"},\"image\":{\"@id\":\"https:\\\/\\\/gite.com64.cloud\\\/#primaryimage\"},\"thumbnailUrl\":\"https:\\\/\\\/gite.com64.cloud\\\/wp-content\\\/uploads\\\/2026\\\/04\\\/Gite-Le-Pesquit-Chambres-dhotes-a-Lescar-3.webp\",\"datePublished\":\"2026-04-15T16:12:30+00:00\",\"dateModified\":\"2026-04-15T20:06:01+00:00\",\"description\":\"S\u00e9journez aux portes de Pau, au calme dans le quartier du Pesquit. Studio ind\u00e9pendant et Chambres d'h\u00f4tes \u00e0 Lescar. Proche des Pyr\u00e9n\u00e9es et de l\u2019oc\u00e9an.\",\"breadcrumb\":{\"@id\":\"https:\\\/\\\/gite.com64.cloud\\\/#breadcrumb\"},\"inLanguage\":\"fr-FR\",\"potentialAction\":[{\"@type\":\"ReadAction\",\"target\":[\"https:\\\/\\\/gite.com64.cloud\\\/\"]}]},{\"@type\":\"ImageObject\",\"inLanguage\":\"fr-FR\",\"@id\":\"https:\\\/\\\/gite.com64.cloud\\\/#primaryimage\",\"url\":\"https:\\\/\\\/gite.com64.cloud\\\/wp-content\\\/uploads\\\/2026\\\/04\\\/Gite-Le-Pesquit-Chambres-dhotes-a-Lescar-3.webp\",\"contentUrl\":\"https:\\\/\\\/gite.com64.cloud\\\/wp-content\\\/uploads\\\/2026\\\/04\\\/Gite-Le-Pesquit-Chambres-dhotes-a-Lescar-3.webp\",\"width\":1000,\"height\":545},{\"@type\":\"BreadcrumbList\",\"@id\":\"https:\\\/\\\/gite.com64.cloud\\\/#breadcrumb\",\"itemListElement\":[{\"@type\":\"ListItem\",\"position\":1,\"name\":\"Accueil\",\"item\":\"https:\\\/\\\/gite.com64.cloud\\\/\"},{\"@type\":\"ListItem\",\"position\":2,\"name\":\"Chambres d&rsquo;h\u00f4tes \u00e0 Lescar\"}]},{\"@type\":\"WebSite\",\"@id\":\"https:\\\/\\\/gite.com64.cloud\\\/#website\",\"url\":\"https:\\\/\\\/gite.com64.cloud\\\/\",\"name\":\"G\u00eete - Le Pesquit\",\"description\":\"Studio et Chambres d&#039;h\u00f4tes \u00e0 Lescar\",\"potentialAction\":[{\"@type\":\"SearchAction\",\"target\":{\"@type\":\"EntryPoint\",\"urlTemplate\":\"https:\\\/\\\/gite.com64.cloud\\\/?s={search_term_string}\"},\"query-input\":{\"@type\":\"PropertyValueSpecification\",\"valueRequired\":true,\"valueName\":\"search_term_string\"}}],\"inLanguage\":\"fr-FR\"}]}<\/script>\n<!-- \/ Yoast SEO plugin. -->","yoast_head_json":{"title":"G\u00eete - Le Pesquit | Studio et Chambres d'h\u00f4tes \u00e0 Lescar (64)","description":"S\u00e9journez aux portes de Pau, au calme dans le quartier du Pesquit. Studio ind\u00e9pendant et Chambres d'h\u00f4tes \u00e0 Lescar. Proche des Pyr\u00e9n\u00e9es et de l\u2019oc\u00e9an.","robots":{"index":"noindex","follow":"follow","max-snippet":"max-snippet:-1","max-image-preview":"max-image-preview:large","max-video-preview":"max-video-preview:-1"},"og_locale":"fr_FR","og_type":"article","og_title":"G\u00eete - Le Pesquit | Studio et Chambres d'h\u00f4tes \u00e0 Lescar (64)","og_description":"S\u00e9journez aux portes de Pau, au calme dans le quartier du Pesquit. Studio ind\u00e9pendant et Chambres d'h\u00f4tes \u00e0 Lescar. Proche des Pyr\u00e9n\u00e9es et de l\u2019oc\u00e9an.","og_url":"https:\/\/gite.com64.cloud\/","og_site_name":"G\u00eete - Le Pesquit","article_modified_time":"2026-04-15T20:06:01+00:00","og_image":[{"url":"https:\/\/gite.com64.cloud\/wp-content\/uploads\/2026\/04\/Gite-Le-Pesquit-Chambres-dhotes-a-Lescar-3.webp","type":"","width":"","height":""}],"twitter_card":"summary_large_image","twitter_misc":{"Dur\u00e9e de lecture estim\u00e9e":"1 minute"},"schema":{"@context":"https:\/\/schema.org","@graph":[{"@type":"WebPage","@id":"https:\/\/gite.com64.cloud\/","url":"https:\/\/gite.com64.cloud\/","name":"G\u00eete - Le Pesquit | Studio et Chambres d'h\u00f4tes \u00e0 Lescar (64)","isPartOf":{"@id":"https:\/\/gite.com64.cloud\/#website"},"primaryImageOfPage":{"@id":"https:\/\/gite.com64.cloud\/#primaryimage"},"image":{"@id":"https:\/\/gite.com64.cloud\/#primaryimage"},"thumbnailUrl":"https:\/\/gite.com64.cloud\/wp-content\/uploads\/2026\/04\/Gite-Le-Pesquit-Chambres-dhotes-a-Lescar-3.webp","datePublished":"2026-04-15T16:12:30+00:00","dateModified":"2026-04-15T20:06:01+00:00","description":"S\u00e9journez aux portes de Pau, au calme dans le quartier du Pesquit. Studio ind\u00e9pendant et Chambres d'h\u00f4tes \u00e0 Lescar. Proche des Pyr\u00e9n\u00e9es et de l\u2019oc\u00e9an.","breadcrumb":{"@id":"https:\/\/gite.com64.cloud\/#breadcrumb"},"inLanguage":"fr-FR","potentialAction":[{"@type":"ReadAction","target":["https:\/\/gite.com64.cloud\/"]}]},{"@type":"ImageObject","inLanguage":"fr-FR","@id":"https:\/\/gite.com64.cloud\/#primaryimage","url":"https:\/\/gite.com64.cloud\/wp-content\/uploads\/2026\/04\/Gite-Le-Pesquit-Chambres-dhotes-a-Lescar-3.webp","contentUrl":"https:\/\/gite.com64.cloud\/wp-content\/uploads\/2026\/04\/Gite-Le-Pesquit-Chambres-dhotes-a-Lescar-3.webp","width":1000,"height":545},{"@type":"BreadcrumbList","@id":"https:\/\/gite.com64.cloud\/#breadcrumb","itemListElement":[{"@type":"ListItem","position":1,"name":"Accueil","item":"https:\/\/gite.com64.cloud\/"},{"@type":"ListItem","position":2,"name":"Chambres d&rsquo;h\u00f4tes \u00e0 Lescar"}]},{"@type":"WebSite","@id":"https:\/\/gite.com64.cloud\/#website","url":"https:\/\/gite.com64.cloud\/","name":"G\u00eete - Le Pesquit","description":"Studio et Chambres d&#039;h\u00f4tes \u00e0 Lescar","potentialAction":[{"@type":"SearchAction","target":{"@type":"EntryPoint","urlTemplate":"https:\/\/gite.com64.cloud\/?s={search_term_string}"},"query-input":{"@type":"PropertyValueSpecification","valueRequired":true,"valueName":"search_term_string"}}],"inLanguage":"fr-FR"}]}},"uagb_featured_image_src":{"full":false,"thumbnail":false,"medium":false,"medium_large":false,"large":false,"1536x1536":false,"2048x2048":false},"uagb_author_info":{"display_name":"AdminCedricCOM64","author_link":"https:\/\/gite.com64.cloud\/?author=1"},"uagb_comment_info":0,"uagb_excerpt":"Chambres d&rsquo;h\u00f4tes &amp; Studio ind\u00e9pendant Bienvenue au G\u00eete &#8211; Le Pesquit S\u00e9journez aux portes de Pau, au calme dans le [&hellip;]","_links":{"self":[{"href":"https:\/\/gite.com64.cloud\/index.php?rest_route=\/wp\/v2\/pages\/9","targetHints":{"allow":["GET"]}}],"collection":[{"href":"https:\/\/gite.com64.cloud\/index.php?rest_route=\/wp\/v2\/pages"}],"about":[{"href":"https:\/\/gite.com64.cloud\/index.php?rest_route=\/wp\/v2\/types\/page"}],"author":[{"embeddable":true,"href":"https:\/\/gite.com64.cloud\/index.php?rest_route=\/wp\/v2\/users\/1"}],"replies":[{"embeddable":true,"href":"https:\/\/gite.com64.cloud\/index.php?rest_route=%2Fwp%2Fv2%2Fcomments&post=9"}],"version-history":[{"count":5,"href":"https:\/\/gite.com64.cloud\/index.php?rest_route=\/wp\/v2\/pages\/9\/revisions"}],"predecessor-version":[{"id":138,"href":"https:\/\/gite.com64.cloud\/index.php?rest_route=\/wp\/v2\/pages\/9\/revisions\/138"}],"wp:attachment":[{"href":"https:\/\/gite.com64.cloud\/index.php?rest_route=%2Fwp%2Fv2%2Fmedia&parent=9"}],"curies":[{"name":"wp","href":"https:\/\/api.w.org\/{rel}","templated":true}]}}